{"id":434,"date":"2019-09-13T05:24:14","date_gmt":"2019-09-13T05:24:14","guid":{"rendered":"https:\/\/sitkatheme.com\/main\/?page_id=434"},"modified":"2021-02-24T19:17:30","modified_gmt":"2021-02-24T18:17:30","slug":"gilleroy","status":"publish","type":"page","link":"https:\/\/gilleroy.com\/index.php\/gilleroy\/","title":{"rendered":"Gilleroy"},"content":{"rendered":"\n<div class=\"wp-block-columns alignwide has-2-columns\">\n<div class=\"wp-block-column\">\n<h3>Gilleroy<\/h3>\n\n\n\n<p>Influenc\u00e9 tr\u00e8s t\u00f4t par la BD, les contes, l&rsquo;envie d&rsquo;illustrer mon regard sur la vie quotidienne et d&rsquo;int\u00e9grer une expression r\u00e9aliste ont pris forme avec des \u00e9tudes artistiques.<br>Tr\u00e8s attach\u00e9 au monde de l&rsquo;image, j&rsquo;ai eu la chance de traverser de multiples univers, le th\u00e9\u00e2tre avec la cr\u00e9ation d&rsquo;affiches pour les spectacles de Marcel Mar\u00e9chal o\u00f9 je croise la route de musiciens, de com\u00e9diens, de metteurs en sc\u00e8nes.<br>Ensuite graphiste, roughman et directeur artistique dans le monde de la communication j&rsquo;affine ma position et ma pr\u00e9f\u00e9rence pour un monde \u00e9tonnant, rapide et cr\u00e9atif, \u00eatre t\u00e9moin de son temps me para\u00eet essentiel.<\/p>\n\n\n\n<p>La peinture, le dessin et leurs diff\u00e9rentes techniques ont fait partie de mon quotidien professionnel. La vid\u00e9o et l&rsquo;image anim\u00e9e m&rsquo;ont permis d&rsquo;aborder une autre facette de notre monde, sc\u00e9nariser des images, raconter des histoires, rencontrer l&rsquo;autre, toujours en pr\u00e9sence de la m\u00e9moire des choses et des hommes.<\/p>\n\n\n\n<p>Aujourd&rsquo;hui je propose de montrer les choses auxquelles je suis attach\u00e9, sorte de carnets de voyages r\u00e9alis\u00e9s autour d&rsquo;un univers qui me passionne. Le regard de l&rsquo;artiste est particulier, avec mes images j&rsquo;explore le temps, les couleurs, les choses en<br>souhaitant les partager, La curiosit\u00e9 est mon vilain d\u00e9faut.<\/p>\n\n\n\n<figure class=\"wp-block-image size-large\"><img loading=\"lazy\" width=\"150\" height=\"50\" src=\"https:\/\/gilleroy.com\/wp-content\/uploads\/2021\/02\/logo-140.png\" alt=\"\" class=\"wp-image-1486\"\/><\/figure>\n<\/div>\n\n\n\n<div class=\"wp-block-column\">\n<div class=\"wp-block-image\"><figure class=\"aligncenter size-large\"><img loading=\"lazy\" width=\"480\" height=\"537\" src=\"https:\/\/gilleroy.com\/wp-content\/uploads\/2021\/02\/cgr-portrait-NB.jpeg\" alt=\"\" class=\"wp-image-1529\" srcset=\"https:\/\/gilleroy.com\/wp-content\/uploads\/2021\/02\/cgr-portrait-NB.jpeg 480w, https:\/\/gilleroy.com\/wp-content\/uploads\/2021\/02\/cgr-portrait-NB-268x300.jpeg 268w, https:\/\/gilleroy.com\/wp-content\/uploads\/2021\/02\/cgr-portrait-NB-250x280.jpeg 250w\" sizes=\"(max-width: 480px) 100vw, 480px\" \/><\/figure><\/div>\n<\/div>\n<\/div>\n","protected":false},"excerpt":{"rendered":"<p>Gilleroy Influenc\u00e9 tr\u00e8s t\u00f4t par la BD, les contes, l&rsquo;envie d&rsquo;illustrer mon regard sur la vie quotidienne et d&rsquo;int\u00e9grer une expression r\u00e9aliste ont pris forme avec des \u00e9tudes artistiques.Tr\u00e8s attach\u00e9 au monde de l&rsquo;image, j&rsquo;ai eu la chance de traverser de multiples univers, le th\u00e9\u00e2tre avec la cr\u00e9ation d&rsquo;affiches pour les spectacles de Marcel Mar\u00e9chal o\u00f9 je croise la route de musiciens, de com\u00e9diens, de metteurs en sc\u00e8nes.Ensuite graphiste, roughman et directeur artistique dans le monde de la communication j&rsquo;affine ma position et ma pr\u00e9f\u00e9rence pour un monde \u00e9tonnant, rapide et cr\u00e9atif, \u00eatre t\u00e9moin de son temps me para\u00eet essentiel. La peinture, le dessin et leurs diff\u00e9rentes techniques ont fait partie de mon quotidien professionnel. La vid\u00e9o et l&rsquo;image anim\u00e9e m&rsquo;ont permis d&rsquo;aborder une autre facette de notre monde, sc\u00e9nariser des images, raconter des histoires, [&hellip;]<\/p>\n","protected":false},"author":1,"featured_media":0,"parent":0,"menu_order":0,"comment_status":"closed","ping_status":"closed","template":"","meta":{"spay_email":""},"yoast_head":"<!-- This site is optimized with the Yoast SEO plugin v15.9 - https:\/\/yoast.com\/wordpress\/plugins\/seo\/ -->\n<title>Gilleroy - Gilleroy<\/title>\n<meta name=\"robots\" content=\"index, follow, max-snippet:-1, max-image-preview:large, max-video-preview:-1\" \/>\n<link rel=\"canonical\" href=\"https:\/\/gilleroy.com\/index.php\/gilleroy\/\" \/>\n<meta property=\"og:locale\" content=\"fr_FR\" \/>\n<meta property=\"og:type\" content=\"article\" \/>\n<meta property=\"og:title\" content=\"Gilleroy - Gilleroy\" \/>\n<meta property=\"og:description\" content=\"Gilleroy Influenc\u00e9 tr\u00e8s t\u00f4t par la BD, les contes, l&rsquo;envie d&rsquo;illustrer mon regard sur la vie quotidienne et d&rsquo;int\u00e9grer une expression r\u00e9aliste ont pris forme avec des \u00e9tudes artistiques.Tr\u00e8s attach\u00e9 au monde de l&rsquo;image, j&rsquo;ai eu la chance de traverser de multiples univers, le th\u00e9\u00e2tre avec la cr\u00e9ation d&rsquo;affiches pour les spectacles de Marcel Mar\u00e9chal o\u00f9 je croise la route de musiciens, de com\u00e9diens, de metteurs en sc\u00e8nes.Ensuite graphiste, roughman et directeur artistique dans le monde de la communication j&rsquo;affine ma position et ma pr\u00e9f\u00e9rence pour un monde \u00e9tonnant, rapide et cr\u00e9atif, \u00eatre t\u00e9moin de son temps me para\u00eet essentiel. La peinture, le dessin et leurs diff\u00e9rentes techniques ont fait partie de mon quotidien professionnel. La vid\u00e9o et l&rsquo;image anim\u00e9e m&rsquo;ont permis d&rsquo;aborder une autre facette de notre monde, sc\u00e9nariser des images, raconter des histoires, [&hellip;]\" \/>\n<meta property=\"og:url\" content=\"https:\/\/gilleroy.com\/index.php\/gilleroy\/\" \/>\n<meta property=\"og:site_name\" content=\"Gilleroy\" \/>\n<meta property=\"article:modified_time\" content=\"2021-02-24T18:17:30+00:00\" \/>\n<meta property=\"og:image\" content=\"https:\/\/gilleroy.com\/wp-content\/uploads\/2021\/02\/logo-140.png\" \/>\n<meta name=\"twitter:card\" content=\"summary_large_image\" \/>\n<meta name=\"twitter:label1\" content=\"Dur\u00e9e de lecture est.\">\n\t<meta name=\"twitter:data1\" content=\"1 minute\">\n<script type=\"application\/ld+json\" class=\"yoast-schema-graph\">{\"@context\":\"https:\/\/schema.org\",\"@graph\":[{\"@type\":\"WebSite\",\"@id\":\"https:\/\/gilleroy.com\/#website\",\"url\":\"https:\/\/gilleroy.com\/\",\"name\":\"Gilleroy\",\"description\":\"\",\"potentialAction\":[{\"@type\":\"SearchAction\",\"target\":\"https:\/\/gilleroy.com\/?s={search_term_string}\",\"query-input\":\"required name=search_term_string\"}],\"inLanguage\":\"fr-FR\"},{\"@type\":\"ImageObject\",\"@id\":\"https:\/\/gilleroy.com\/index.php\/gilleroy\/#primaryimage\",\"inLanguage\":\"fr-FR\",\"url\":\"https:\/\/gilleroy.com\/wp-content\/uploads\/2021\/02\/logo-140.png\",\"width\":150,\"height\":50},{\"@type\":\"WebPage\",\"@id\":\"https:\/\/gilleroy.com\/index.php\/gilleroy\/#webpage\",\"url\":\"https:\/\/gilleroy.com\/index.php\/gilleroy\/\",\"name\":\"Gilleroy - Gilleroy\",\"isPartOf\":{\"@id\":\"https:\/\/gilleroy.com\/#website\"},\"primaryImageOfPage\":{\"@id\":\"https:\/\/gilleroy.com\/index.php\/gilleroy\/#primaryimage\"},\"datePublished\":\"2019-09-13T05:24:14+00:00\",\"dateModified\":\"2021-02-24T18:17:30+00:00\",\"breadcrumb\":{\"@id\":\"https:\/\/gilleroy.com\/index.php\/gilleroy\/#breadcrumb\"},\"inLanguage\":\"fr-FR\",\"potentialAction\":[{\"@type\":\"ReadAction\",\"target\":[\"https:\/\/gilleroy.com\/index.php\/gilleroy\/\"]}]},{\"@type\":\"BreadcrumbList\",\"@id\":\"https:\/\/gilleroy.com\/index.php\/gilleroy\/#breadcrumb\",\"itemListElement\":[{\"@type\":\"ListItem\",\"position\":1,\"item\":{\"@type\":\"WebPage\",\"@id\":\"https:\/\/gilleroy.com\/\",\"url\":\"https:\/\/gilleroy.com\/\",\"name\":\"Home\"}},{\"@type\":\"ListItem\",\"position\":2,\"item\":{\"@type\":\"WebPage\",\"@id\":\"https:\/\/gilleroy.com\/index.php\/gilleroy\/\",\"url\":\"https:\/\/gilleroy.com\/index.php\/gilleroy\/\",\"name\":\"Gilleroy\"}}]}]}<\/script>\n<!-- \/ Yoast SEO plugin. -->","_links":{"self":[{"href":"https:\/\/gilleroy.com\/index.php\/wp-json\/wp\/v2\/pages\/434"}],"collection":[{"href":"https:\/\/gilleroy.com\/index.php\/wp-json\/wp\/v2\/pages"}],"about":[{"href":"https:\/\/gilleroy.com\/index.php\/wp-json\/wp\/v2\/types\/page"}],"author":[{"embeddable":true,"href":"https:\/\/gilleroy.com\/index.php\/wp-json\/wp\/v2\/users\/1"}],"replies":[{"embeddable":true,"href":"https:\/\/gilleroy.com\/index.php\/wp-json\/wp\/v2\/comments?post=434"}],"version-history":[{"count":3,"href":"https:\/\/gilleroy.com\/index.php\/wp-json\/wp\/v2\/pages\/434\/revisions"}],"predecessor-version":[{"id":1530,"href":"https:\/\/gilleroy.com\/index.php\/wp-json\/wp\/v2\/pages\/434\/revisions\/1530"}],"wp:attachment":[{"href":"https:\/\/gilleroy.com\/index.php\/wp-json\/wp\/v2\/media?parent=434"}],"curies":[{"name":"wp","href":"https:\/\/api.w.org\/{rel}","templated":true}]}}