{"id":530,"date":"2021-03-02T09:09:53","date_gmt":"2021-03-02T08:09:53","guid":{"rendered":"https:\/\/sitkatheme.com\/main\/?page_id=530"},"modified":"2021-03-02T09:09:54","modified_gmt":"2021-03-02T08:09:54","slug":"contact","status":"publish","type":"page","link":"https:\/\/gilleroy.com\/index.php\/contact\/","title":{"rendered":"Contact"},"content":{"rendered":"\n<p>Merci de l\u2019attention que vous portez \u00e0 mon \u0153uvre.<\/p>\n\n\n\n<p><br>Pour tout renseignement compl\u00e9mentaire ou demandes particuli\u00e8res, vous pouvez utiliser le formulaire de contact qui me permettra de vous r\u00e9pondre dans les plus brefs d\u00e9lais ou me joindre par t\u00e9l\u00e9phone au (+33) 06 07 90 00 96<\/p>\n\n\n<div role=\"form\" class=\"wpcf7\" id=\"wpcf7-f465-o1\" lang=\"en-US\" dir=\"ltr\">\n<div class=\"screen-reader-response\"><p role=\"status\" aria-live=\"polite\" aria-atomic=\"true\"><\/p> <ul><\/ul><\/div>\n<form action=\"\/index.php\/wp-json\/wp\/v2\/pages\/530#wpcf7-f465-o1\" method=\"post\" class=\"wpcf7-form init\" novalidate=\"novalidate\" data-status=\"init\">\n<div style=\"display: none;\">\n<input type=\"hidden\" name=\"_wpcf7\" value=\"465\" \/>\n<input type=\"hidden\" name=\"_wpcf7_version\" value=\"5.3.2\" \/>\n<input type=\"hidden\" name=\"_wpcf7_locale\" value=\"en_US\" \/>\n<input type=\"hidden\" name=\"_wpcf7_unit_tag\" value=\"wpcf7-f465-o1\" \/>\n<input type=\"hidden\" name=\"_wpcf7_container_post\" value=\"0\" \/>\n<input type=\"hidden\" name=\"_wpcf7_posted_data_hash\" value=\"\" \/>\n<\/div>\n<p><label> Nom (required)<br \/>\n    <span class=\"wpcf7-form-control-wrap your-name\"><input type=\"text\" name=\"your-name\" value=\"\" size=\"40\" class=\"wpcf7-form-control wpcf7-text wpcf7-validates-as-required\" aria-required=\"true\" aria-invalid=\"false\" \/><\/span> <\/label><\/p>\n<p><label> votre Email (required)<br \/>\n    <span class=\"wpcf7-form-control-wrap your-email\"><input type=\"email\" name=\"your-email\" value=\"\" size=\"40\" class=\"wpcf7-form-control wpcf7-text wpcf7-email wpcf7-validates-as-required wpcf7-validates-as-email\" aria-required=\"true\" aria-invalid=\"false\" \/><\/span> <\/label><\/p>\n<p><label> Sujet<br \/>\n    <span class=\"wpcf7-form-control-wrap your-subject\"><input type=\"text\" name=\"your-subject\" value=\"\" size=\"40\" class=\"wpcf7-form-control wpcf7-text\" aria-invalid=\"false\" \/><\/span> <\/label><\/p>\n<p><label> Your Message<br \/>\n    <span class=\"wpcf7-form-control-wrap your-message\"><textarea name=\"your-message\" cols=\"40\" rows=\"10\" class=\"wpcf7-form-control wpcf7-textarea\" aria-invalid=\"false\"><\/textarea><\/span> <\/label><\/p>\n<p><input type=\"submit\" value=\"Envoyer\" class=\"wpcf7-form-control wpcf7-submit\" \/><\/p>\n<div class=\"wpcf7-response-output\" aria-hidden=\"true\"><\/div><\/form><\/div>\n","protected":false},"excerpt":{"rendered":"<p>Merci de l\u2019attention que vous portez \u00e0 mon \u0153uvre. Pour tout renseignement compl\u00e9mentaire ou demandes particuli\u00e8res, vous pouvez utiliser le formulaire de contact qui me permettra de vous r\u00e9pondre dans les plus brefs d\u00e9lais ou me joindre par t\u00e9l\u00e9phone au (+33) 06 07 90 00 96<\/p>\n","protected":false},"author":1,"featured_media":1579,"parent":0,"menu_order":0,"comment_status":"closed","ping_status":"closed","template":"","meta":{"spay_email":""},"yoast_head":"<!-- This site is optimized with the Yoast SEO plugin v15.9 - https:\/\/yoast.com\/wordpress\/plugins\/seo\/ -->\n<title>Contact - Gilleroy<\/title>\n<meta name=\"robots\" content=\"index, follow, max-snippet:-1, max-image-preview:large, max-video-preview:-1\" \/>\n<link rel=\"canonical\" href=\"https:\/\/gilleroy.com\/index.php\/contact\/\" \/>\n<meta property=\"og:locale\" content=\"fr_FR\" \/>\n<meta property=\"og:type\" content=\"article\" \/>\n<meta property=\"og:title\" content=\"Contact - Gilleroy\" \/>\n<meta property=\"og:description\" content=\"Merci de l\u2019attention que vous portez \u00e0 mon \u0153uvre. Pour tout renseignement compl\u00e9mentaire ou demandes particuli\u00e8res, vous pouvez utiliser le formulaire de contact qui me permettra de vous r\u00e9pondre dans les plus brefs d\u00e9lais ou me joindre par t\u00e9l\u00e9phone au (+33) 06 07 90 00 96\" \/>\n<meta property=\"og:url\" content=\"https:\/\/gilleroy.com\/index.php\/contact\/\" \/>\n<meta property=\"og:site_name\" content=\"Gilleroy\" \/>\n<meta property=\"article:modified_time\" content=\"2021-03-02T08:09:54+00:00\" \/>\n<meta property=\"og:image\" content=\"https:\/\/gilleroy.com\/wp-content\/uploads\/2021\/02\/bande.jpg\" \/>\n\t<meta property=\"og:image:width\" content=\"1768\" \/>\n\t<meta property=\"og:image:height\" content=\"416\" \/>\n<meta name=\"twitter:card\" content=\"summary_large_image\" \/>\n<meta name=\"twitter:label1\" content=\"Dur\u00e9e de lecture est.\">\n\t<meta name=\"twitter:data1\" content=\"1 minute\">\n<script type=\"application\/ld+json\" class=\"yoast-schema-graph\">{\"@context\":\"https:\/\/schema.org\",\"@graph\":[{\"@type\":\"WebSite\",\"@id\":\"https:\/\/gilleroy.com\/#website\",\"url\":\"https:\/\/gilleroy.com\/\",\"name\":\"Gilleroy\",\"description\":\"\",\"potentialAction\":[{\"@type\":\"SearchAction\",\"target\":\"https:\/\/gilleroy.com\/?s={search_term_string}\",\"query-input\":\"required name=search_term_string\"}],\"inLanguage\":\"fr-FR\"},{\"@type\":\"ImageObject\",\"@id\":\"https:\/\/gilleroy.com\/index.php\/contact\/#primaryimage\",\"inLanguage\":\"fr-FR\",\"url\":\"https:\/\/gilleroy.com\/wp-content\/uploads\/2021\/02\/bande.jpg\",\"width\":1768,\"height\":416},{\"@type\":\"WebPage\",\"@id\":\"https:\/\/gilleroy.com\/index.php\/contact\/#webpage\",\"url\":\"https:\/\/gilleroy.com\/index.php\/contact\/\",\"name\":\"Contact - Gilleroy\",\"isPartOf\":{\"@id\":\"https:\/\/gilleroy.com\/#website\"},\"primaryImageOfPage\":{\"@id\":\"https:\/\/gilleroy.com\/index.php\/contact\/#primaryimage\"},\"datePublished\":\"2021-03-02T08:09:53+00:00\",\"dateModified\":\"2021-03-02T08:09:54+00:00\",\"breadcrumb\":{\"@id\":\"https:\/\/gilleroy.com\/index.php\/contact\/#breadcrumb\"},\"inLanguage\":\"fr-FR\",\"potentialAction\":[{\"@type\":\"ReadAction\",\"target\":[\"https:\/\/gilleroy.com\/index.php\/contact\/\"]}]},{\"@type\":\"BreadcrumbList\",\"@id\":\"https:\/\/gilleroy.com\/index.php\/contact\/#breadcrumb\",\"itemListElement\":[{\"@type\":\"ListItem\",\"position\":1,\"item\":{\"@type\":\"WebPage\",\"@id\":\"https:\/\/gilleroy.com\/\",\"url\":\"https:\/\/gilleroy.com\/\",\"name\":\"Home\"}},{\"@type\":\"ListItem\",\"position\":2,\"item\":{\"@type\":\"WebPage\",\"@id\":\"https:\/\/gilleroy.com\/index.php\/contact\/\",\"url\":\"https:\/\/gilleroy.com\/index.php\/contact\/\",\"name\":\"Contact\"}}]}]}<\/script>\n<!-- \/ Yoast SEO plugin. -->","_links":{"self":[{"href":"https:\/\/gilleroy.com\/index.php\/wp-json\/wp\/v2\/pages\/530"}],"collection":[{"href":"https:\/\/gilleroy.com\/index.php\/wp-json\/wp\/v2\/pages"}],"about":[{"href":"https:\/\/gilleroy.com\/index.php\/wp-json\/wp\/v2\/types\/page"}],"author":[{"embeddable":true,"href":"https:\/\/gilleroy.com\/index.php\/wp-json\/wp\/v2\/users\/1"}],"replies":[{"embeddable":true,"href":"https:\/\/gilleroy.com\/index.php\/wp-json\/wp\/v2\/comments?post=530"}],"version-history":[{"count":5,"href":"https:\/\/gilleroy.com\/index.php\/wp-json\/wp\/v2\/pages\/530\/revisions"}],"predecessor-version":[{"id":1593,"href":"https:\/\/gilleroy.com\/index.php\/wp-json\/wp\/v2\/pages\/530\/revisions\/1593"}],"wp:featuredmedia":[{"embeddable":true,"href":"https:\/\/gilleroy.com\/index.php\/wp-json\/wp\/v2\/media\/1579"}],"wp:attachment":[{"href":"https:\/\/gilleroy.com\/index.php\/wp-json\/wp\/v2\/media?parent=530"}],"curies":[{"name":"wp","href":"https:\/\/api.w.org\/{rel}","templated":true}]}}